{"id":3838,"date":"2019-07-15T10:42:53","date_gmt":"2019-07-15T08:42:53","guid":{"rendered":"https:\/\/excavacionsroda.com\/?page_id=3838"},"modified":"2019-07-15T11:05:38","modified_gmt":"2019-07-15T09:05:38","slug":"politica-de-privacidad","status":"publish","type":"page","link":"https:\/\/excavacionsroda.com\/es\/politica-de-privacidad\/","title":{"rendered":"Pol\u00edtica de privacidad"},"content":{"rendered":"<section class=\"ffb-id-2789neum fg-section fg-el-has-bg fg-text-dark\" id=\"empresa\"><span class=\"fg-bg\"><span data-fg-bg=\"{&quot;type&quot;:&quot;image&quot;,&quot;opacity&quot;:&quot;1&quot;,&quot;url&quot;:&quot;http:\\\/\\\/excavacionsroda.com\\\/wp-content\\\/uploads\\\/2018\\\/05\\\/hill-gray.png&quot;,&quot;size&quot;:&quot;auto&quot;,&quot;repeat&quot;:&quot;no-repeat&quot;,&quot;attachment&quot;:&quot;scroll&quot;,&quot;position&quot;:&quot;center bottom&quot;}\" class=\"fg-bg-layer fg-bg-type-image \" style=\"opacity: 1; background-image: url(&quot;http:\/\/excavacionsroda.com\/wp-content\/uploads\/2018\/05\/hill-gray.png&quot;); background-repeat: no-repeat; background-attachment: scroll; background-position: center bottom; background-size: auto;\"><\/span><\/span><div class=\"fg-container container fg-container-large fg-container-lvl--1 \"><div class=\"fg-row row    \" ><div class=\"ffb-id-278b9jnv fg-col col-xs-12 fg-text-dark\"><div class=\"ffb-id-278b9jo0 fg-wrapper fg-text-dark\"><img decoding=\"async\" class=\"ffb-id-278b9jo2 fg-image   fg-text-dark\" src=\"http:\/\/excavacionsroda.com\/wp-content\/uploads\/2018\/05\/simbolx60.png\" alt=\"Excavacions i Obres Rod\u00e0\"><\/div><h2 class=\"ffb-id-278b9jo3 fg-heading text-center    fg-text-dark\">POL\u00cdTICA DE PRIVACIDAD<\/h2><\/div><div class=\"ffb-id-2789nhqe fg-col col-xs-12 fg-text-dark\"><p class=\"ffb-id-pk3copb fg-paragraph text-center    fg-text-dark\"><H3> POL\u00cdTICA DE PRIVACIDAD <\/ h3><br \/>\n<P> Nuestro objetivo, es ser lo m\u00e1s transparentes posible con nuestros usuarios y clientes, sobre los datos personales que recopilamos. Su privacidad es importante para nosotros. <\/ P><br \/>\n<P> Mediante la lectura de la presente Pol\u00edtica de privacidad, el usuario queda informado sobre la forma en que EXCAVACIONES Y OBRAS ROD\u00c0 SL recauda, \u200b\u200btrata y protege los datos de car\u00e1cter personal que le son facilitados a trav\u00e9s del sitio web - https: \/\/excavacionsroda.com (en adelante, el sitio web) y aquellos otros datos que pueda facilitar en un futuro a EXCAVACIONES y OBRAS ROD\u00c0 SL por otros medios. <\/ p><br \/>\n<P> El usuario debe leer con atenci\u00f3n esta Pol\u00edtica de privacidad, que ha sido redactada de forma clara y sencilla, para facilitar su comprensi\u00f3n, y determinar libre y voluntariamente si desea facilitar sus datos personales a EXCAVACIONES Y OBRAS ROD\u00c0 SL . <\/ p><br \/>\n<P> Al rellenar cualquier formulario y hacer clic en la casilla \"He le\u00eddo la pol\u00edtica de privacidad\" o similar, el usuario manifiesta expresamente que ha le\u00eddo la presente pol\u00edtica de privacidad donde se indican los tratamientos de datos que se realizan y las finalidades, entre otras informaciones, d\u00e1ndose as\u00ed cumplimiento al deber de informar que impone la normativa de Protecci\u00f3n de Datos. <\/ p><br \/>\n<P> En aquellos casos en que en la p\u00e1gina web corporativa se solicite el consentimiento para una finalidad concreta, al pulsar la casilla \"Acepto\" o similar, el usuario da su consentimiento inequ\u00edvoco y expreso para el tratamiento en cuesti\u00f3n. <\/ p><br \/>\n<H4> \u00bfQui\u00e9n es el responsable del tratamiento de sus datos? <\/ H4><br \/>\n<Ul><br \/>\n<Li> Identidad: EXCAVACIONES Y OBRAS ROD\u00c0 SL -NIF: B17878489 <\/ li><br \/>\n<Li> Direcci\u00f3n postal: CAMI DEL ROBLE, 4, 17706 PONT DE MOLINS (GIRONA) <\/ li><br \/>\n<Li> Tel\u00e9fono: 972529046 <\/ li><br \/>\n<Li> Correo electr\u00f3nico: info@excavacionsroda.com <\/ li><br \/>\n<\/ Ul><br \/>\n<H3> Tratamiento de DATOS recabados mediante la WEB <\/ h3><br \/>\n<H4> \u00bfCon qu\u00e9 finalidad tratamos sus datos personales? <\/ H4><br \/>\n<P> En EXCAVACIONES Y OBRAS ROD\u00c0 SL tratamos la informaci\u00f3n que nos facilitan los interesados \u200b\u200bcon el fin de atender su solicitud y enviarle comunicaciones comerciales, as\u00ed como nuestros boletines. No se tomar\u00e1n decisiones automatizadas en base a los datos proporcionados. <\/ P><br \/>\n<H4> Por cu\u00e1nto tiempo conservaremos sus datos? <\/ H4><br \/>\n<P> Los datos se conservar\u00e1n mientras el interesado no solicite su supresi\u00f3n. <\/ P><br \/>\n<H4> \u00bfCu\u00e1l es la legitimaci\u00f3n para el tratamiento de sus datos? <\/ H4><br \/>\n<P> Le indicamos la base legal para el tratamiento de sus datos: <\/ p><br \/>\n<Ul><br \/>\n<Li> Consentimiento del interesado: Atender su solicitud y enviarle comunicaciones comerciales, as\u00ed como nuestros boletines. <\/ Li><br \/>\n<\/ Ul><br \/>\n<H4> A qu\u00e9 destinatarios se comunicar\u00e1n sus datos? <\/ H4><br \/>\n<P> No se ceder\u00e1n datos a terceros, salvo obligaci\u00f3n legal. <\/ P><br \/>\n<H4> Transferencias de datos a terceros pa\u00edses? <\/ H4><br \/>\n<P> No est\u00e1n previstas transferencias de datos a terceros pa\u00edses <\/ p>.<br \/>\n<H4> Como hemos obtenido sus datos? <\/ H4><br \/>\n<P> Los datos personales que tratamos en EXCAVACIONES Y OBRAS ROD\u00c0 SL proceden del propio interesado o de su representante legal. <\/ P><br \/>\n<P> No se tratan categor\u00edas especiales de datos personales (son aquellos datos que revelen el origen \u00e9tnico o racial, las opiniones pol\u00edticas, las convicciones religiosas o filos\u00f3ficas, o la afiliaci\u00f3n sindical, datos gen\u00e9ticos, datos biom\u00e9tricos dirigidas a identificar de manera un\u00edvoca a una persona f\u00edsica, datos relativos a la salud o datos relativos a la vida sexual o la orientaci\u00f3n sexual de una persona f\u00edsica). <\/ p><br \/>\n<H3> Tratamiento de DATOS para SELECCI\u00d3N del PERSONAL <\/ h3><br \/>\n<H4> \u00bfCon qu\u00e9 finalidad tratamos sus datos personales? <\/ H4><br \/>\n<P> En EXCAVACIONES Y OBRAS ROD\u00c0 SL tratamos la informaci\u00f3n que nos facilitan los interesados \u200b\u200bcon el fin de realizar los procesos de selecci\u00f3n de personal. No se tomar\u00e1n decisiones automatizadas en base a los datos proporcionados. <\/ P><br \/>\n<H4> Por cu\u00e1nto tiempo conservaremos sus datos? <\/ H4><br \/>\n<P> Se conservar\u00e1n durante dos a\u00f1os, a excepci\u00f3n de que el interesado retire su consentimiento antes del plazo m\u00e1ximo de conservaci\u00f3n. <\/ P><br \/>\n<H4> \u00bfCu\u00e1l es la legitimaci\u00f3n para el tratamiento de sus datos? <\/ H4><br \/>\n<P> Le indicamos la base legal para el tratamiento de sus datos: <\/ p><br \/>\n<Ul><br \/>\n<Li> Consentimiento del interesado: Participar en los procesos de selecci\u00f3n de personal. <\/ Li><br \/>\n<\/ Ul><br \/>\n<H4> A qu\u00e9 destinatarios se comunicar\u00e1n sus datos? <\/ H4><br \/>\n<P> No se ceder\u00e1n datos a terceros, salvo obligaci\u00f3n legal. <\/ P><br \/>\n<H4> Transferencias de datos a terceros pa\u00edses? <\/ H4><br \/>\n<P> No est\u00e1n previstas transferencias de datos a terceros pa\u00edses. <\/ P><br \/>\n<H4> Como hemos obtenido sus datos? <\/ H4><br \/>\n<P> Los datos personales que tratamos en EXCAVACIONES Y OBRAS ROD\u00c0 SL proceden del propio interesado. <\/ P><br \/>\n<P> Las categor\u00edas de datos que se tratan son: <\/ p><br \/>\n<Ul><br \/>\n<Li> Datos identificativos <\/ li><br \/>\n<Li> Direcciones postales y electr\u00f3nicas y datos profesionales y acad\u00e9micas. <\/ Li><br \/>\n<\/ Ul><br \/>\n<H3> Tratamiento de DATOS de CLIENTES <\/ h3><br \/>\n<H4> \u00bfCon qu\u00e9 finalidad tratamos sus datos personales? <\/ H4><br \/>\n<P> En EXCAVACIONES Y OBRAS ROD\u00c0 SL tratamos la informaci\u00f3n que nos facilitan los interesados \u200b\u200bcon el fin de prestar los servicios solicitados, realizar la gesti\u00f3n administrativa, contable y fiscal de los servicios solicitados, as\u00ed como enviar comunicaciones comerciales sobre los nuestros productos y servicios. No se tomar\u00e1n decisiones automatizadas en base a los datos proporcionados. <\/ P><br \/>\n<H4> Por cu\u00e1nto tiempo conservaremos sus datos? <\/ H4><br \/>\n<P> Los datos se conservar\u00e1n mientras el interesado no solicite su supresi\u00f3n, y en su caso, durante los a\u00f1os necesarios para cumplir con las obligaciones legales. <\/ P><br \/>\n<H4> \u00bfCu\u00e1l es la legitimaci\u00f3n para el tratamiento de sus datos? <\/ H4><br \/>\n<P> Le indicamos la base legal para el tratamiento de sus datos: <\/ p><br \/>\n<Ul><br \/>\n<Li> Ejecuci\u00f3n de un contrato: Prestar los servicios solicitados. <\/ Li><br \/>\n<Li> Obligaci\u00f3n legal: Realizar la gesti\u00f3n administrativa, contable y fiscal de los servicios solicitados. <\/ Li><br \/>\n<Li> Inter\u00e9s leg\u00edtimo del Responsable: Enviar comunicaciones comerciales sobre nuestros productos y servicios. <\/ Li><br \/>\n<\/ Ul><br \/>\n<H4> A qu\u00e9 destinatarios se comunicar\u00e1n sus datos? <\/ H4><br \/>\n<P> Los datos se comunicar\u00e1n a los siguientes destinatarios: <\/ p><br \/>\n<Ul><br \/>\n<Li> Agencia Tributaria, con el fin de cumplir con las obligaciones legales. <\/ Li><br \/>\n<Li> Entidades financieras, con el fin de girar los recibos correspondientes. <\/ Li><br \/>\n<\/ Ul><br \/>\n<H4> Transferencias de datos a terceros pa\u00edses? <\/ H4><br \/>\n<P> No est\u00e1n previstas transferencias de datos a terceros pa\u00edses. <\/ P><br \/>\n<H4> Como hemos obtenido sus datos? <\/ H4><br \/>\n<P> Los datos personales que tratamos en EXCAVACIONES Y OBRAS ROD\u00c0 SL proceden de: El propio interesado. <\/ P><br \/>\n<P> Las categor\u00edas de datos que se tratan son: <\/ p><br \/>\n<Ul><br \/>\n<Li> Datos identificativos. <\/ Li><br \/>\n<Li> Direcciones postales y electr\u00f3nicas. <\/ Li><br \/>\n<Li> Informaci\u00f3n comercial. <\/ Li><br \/>\n<\/ Ul><br \/>\n<H3> Tratamiento de los datos de VIDEOVIGILANCIA <\/ h3><br \/>\n<H4> Informaci\u00f3n b\u00e1sica sobre Protecci\u00f3n de Datos <\/ h4><br \/>\n<P> Responsable: EXCAVACIONES Y OBRAS ROD\u00c0 SL; Finalidad: Garantizar la seguridad de personas, bienes e instalaciones; Legitimaci\u00f3n: Misi\u00f3n en Inter\u00e9s p\u00fablico; Destinatarios: Est\u00e1n previstas cesiones de datos a: En su caso, las fuerzas y cuerpos de seguridad del Estado, as\u00ed como Juzgados y Tribunales; Derechos: Tiene derecho a acceder, rectificar y suprimir los datos, as\u00ed como otros derechos, indicados en la informaci\u00f3n adicional, que puede ejercer dirigi\u00e9ndose a la direcci\u00f3n del responsable del tratamiento; Procedencia: El propio interesado. <\/ P><br \/>\n<H4> Informaci\u00f3n completa sobre Protecci\u00f3n de Datos <\/ h4><br \/>\n<H4> \u00bfCon qu\u00e9 finalidad tratamos sus datos personales? <\/ H4><br \/>\n<P> En EXCAVACIONES Y OBRAS ROD\u00c0 SL tratamos la informaci\u00f3n que nos facilitan los interesados \u200b\u200bcon el fin de garantizar la seguridad de personas, bienes e instalaciones. <\/ P><br \/>\n<P> No se tomar\u00e1n decisiones automatizadas en base a los datos proporcionados. <\/ P><br \/>\n<H4> Por cu\u00e1nto tiempo conservaremos sus datos? <\/ H4><br \/>\n<P> Los datos se conservar\u00e1n un m\u00e1ximo de 30 d\u00edas, salvo comunicaci\u00f3n a Fuerzas y Cuerpos de Seguridad, y \/ o Juzgados y Tribunales. <\/ P><br \/>\n<H4> \u00bfCu\u00e1l es la legitimaci\u00f3n para el tratamiento de sus datos? <\/ H4><br \/>\n<P> Le indicamos la base legal para el tratamiento de sus datos: <\/ p><br \/>\n<Ul><br \/>\n<Li> Misi\u00f3n en Inter\u00e9s p\u00fablico: Garantizar la seguridad de personas, bienes e instalaciones. <\/ Li><br \/>\n<\/ Ul><br \/>\n<H4> A qu\u00e9 destinatarios se comunicar\u00e1n sus datos? <\/ H4><br \/>\n<P> Los datos se comunicar\u00e1n a los siguientes destinatarios: <\/ p><br \/>\n<Ul><br \/>\n<Li> En su caso, las fuerzas y cuerpos de seguridad del Estado, as\u00ed como los Juzgados y Tribunales, con el fin de aportar las im\u00e1genes si se ha cometido un delito. <\/ Li><br \/>\n<\/ Ul><br \/>\n<H4> Transferencias de datos a terceros pa\u00edses? <\/ H4><br \/>\n<P> No est\u00e1n previstas transferencias de datos a terceros pa\u00edses. <\/ P><br \/>\n<H4> Como hemos obtenido sus datos? <\/ H4><br \/>\n<P> Los datos personales que tratamos en EXCAVACIONES Y OBRAS ROD\u00c0 SL proceden de: El propio interesado. <\/ P><br \/>\n<H3> \u00bfCu\u00e1les son sus derechos cuando nos facilita sus datos? <\/ H3><br \/>\n<P> Cualquier persona tiene derecho a obtener confirmaci\u00f3n sobre si en EXCAVACIONES Y OBRAS ROD\u00c0 SL estamos tratando datos personales que les conciernan, o no. <\/ P><br \/>\n<P> Las personas interesadas tienen derecho a acceder a sus datos personales, as\u00ed como a solicitar la rectificaci\u00f3n de los datos inexactos o, en su caso, solicitar su supresi\u00f3n cuando, entre otros motivos, los datos ya no sean necesarias para los fines que fueron recogidas. <\/ p><br \/>\n<P> En determinadas circunstancias, los interesados \u200b\u200bpodr\u00e1n solicitar la limitaci\u00f3n del tratamiento de sus datos, en este caso \u00fanicamente los conservaremos para el ejercicio o la defensa de reclamaciones. <\/ P><br \/>\n<P> En determinadas circunstancias y por motivos relacionados con su situaci\u00f3n particular, los interesados \u200b\u200bpodr\u00e1n oponerse al tratamiento de sus datos. En este caso, EXCAVACIONES Y OBRAS ROD\u00c0 SL dejar\u00e1 de tratar los datos, a menos que haya motivos leg\u00edtimos imperiosos, o el ejercicio o la defensa de posibles reclamaciones. <\/ P><br \/>\n<P> Tambi\u00e9n tendr\u00e1 derecho a solicitar la portabilidad de sus datos personales. Esto significa que tendr\u00e1 derecho a recibir los datos personales que nos haya facilitado en un formato estructurado, de uso com\u00fan y legible por una m\u00e1quina, para poder transmitirlo a otra entidad directamente, siempre que t\u00e9cnicamente sea posible. <\/ P><br \/>\n<P> Puede ejercer sus Derechos dirigi\u00e9ndose al responsable presencialmente, por correo postal acompa\u00f1ando fotocopia de su DNI o documento oficial identificativo, o bien por correo electr\u00f3nico a la direcci\u00f3n electr\u00f3nica del responsable, acompa\u00f1ando a la instancia \/ solicitud una fotocopia de su DNI o documento oficial identificativo. Los formularios para las solicitudes \/ ejercicio de derechos, puede encontrarlos en el siguiente sitio web: <\/ p><br \/>\n<P> https:\/\/www.aepd.es\/reglamento\/derechos\/index.html#anchor4\u2192 AEPD <\/ p><br \/>\n<P> En caso que crea vulnerados sus derechos lo concerniente a la protecci\u00f3n de sus datos personales, especialmente cuando no haya obtenido satisfacci\u00f3n en el ejercicio de sus derechos, puede presentar una reclamaci\u00f3n ante la Autoridad de Control en materia de Protecci\u00f3n de Datos competente: <\/ p><br \/>\n<P> Agencia Espa\u00f1ola de Protecci\u00f3n de Datos, C \/ Jorge Juan, 6, 28001 - Madrid. <\/ P><br \/>\n<P> https:\/\/sedeagpd.gob.es\/sede-electronica-web\/vistas\/infoSede\/canalesAcceso.jsf <\/ p><br \/>\n<H3> Como hemos obtenido sus datos? <\/ H3><br \/>\n<P> Los datos personales que tratamos en EXCAVACIONES Y OBRAS ROD\u00c0 SL proceden del propio interesado. <\/ P><br \/>\n<P> No se tratan categor\u00edas especiales de datos personales (son aquellos datos que revelen el origen \u00e9tnico o racial, las opiniones pol\u00edticas, las convicciones religiosas o filos\u00f3ficas, o la afiliaci\u00f3n sindical, datos gen\u00e9ticos, datos biom\u00e9tricos dirigidas a identificar de manera un\u00edvoca a una persona f\u00edsica, datos relativos a la salud o datos relativos a la vida sexual o la orientaci\u00f3n sexual de una persona f\u00edsica). <\/ p><\/p><\/div><\/div><\/div><\/section><style>.ffb-id-2789neum{ margin-top: 0px;padding-bottom: 60px;}@media (min-width:992px) { .ffb-id-2789neum{ padding-bottom: 80px;}}.ffb-id-pk3copb{ text-align: left !important;}.ffb-id-pk3copb ,.ffb-id-pk3copb:before,.ffb-id-pk3copb:after,.ffb-id-pk3copb:hover,.ffb-id-pk3copb:focus,.ffb-id-pk3copb *,.ffb-id-pk3copb *:before,.ffb-id-pk3copb *:after,.ffb-id-pk3copb *:hover,.ffb-id-pk3copb *:focus{ text-align: left !important;}.ffb-id-278b9jo3{ margin-bottom: 40px;}@media (min-width:992px) { .ffb-id-278b9jo3{ margin-bottom: 80px;}}.ffb-id-278b9jo3 ,.ffb-id-278b9jo3:before,.ffb-id-278b9jo3:after,.ffb-id-278b9jo3 *,.ffb-id-278b9jo3 *:before,.ffb-id-278b9jo3 *:after{ color: #966305 !important;}.ffb-id-278b9jo3{ font-weight: 900 !important;}.ffb-id-278b9jo3 ,.ffb-id-278b9jo3:before,.ffb-id-278b9jo3:after,.ffb-id-278b9jo3:hover,.ffb-id-278b9jo3:focus,.ffb-id-278b9jo3 *,.ffb-id-278b9jo3 *:before,.ffb-id-278b9jo3 *:after,.ffb-id-278b9jo3 *:hover,.ffb-id-278b9jo3 *:focus{ font-weight: 900 !important;}.ffb-id-278b9jo0{ text-align: center !important;}.ffb-id-278b9jo0 ,.ffb-id-278b9jo0:before,.ffb-id-278b9jo0:after,.ffb-id-278b9jo0:hover,.ffb-id-278b9jo0:focus,.ffb-id-278b9jo0 *,.ffb-id-278b9jo0 *:before,.ffb-id-278b9jo0 *:after,.ffb-id-278b9jo0 *:hover,.ffb-id-278b9jo0 *:focus{ text-align: center !important;}.ffb-id-278b9jo2{ margin-bottom: 20px;}<\/style><script type=\"text\/javascript\"><\/script>\n","protected":false},"excerpt":{"rendered":"","protected":false},"author":2,"featured_media":0,"parent":0,"menu_order":0,"comment_status":"closed","ping_status":"closed","template":"","meta":{"footnotes":""},"class_list":["post-3838","page","type-page","status-publish","hentry","post-wrapper"],"_links":{"self":[{"href":"https:\/\/excavacionsroda.com\/es\/wp-json\/wp\/v2\/pages\/3838","targetHints":{"allow":["GET"]}}],"collection":[{"href":"https:\/\/excavacionsroda.com\/es\/wp-json\/wp\/v2\/pages"}],"about":[{"href":"https:\/\/excavacionsroda.com\/es\/wp-json\/wp\/v2\/types\/page"}],"author":[{"embeddable":true,"href":"https:\/\/excavacionsroda.com\/es\/wp-json\/wp\/v2\/users\/2"}],"replies":[{"embeddable":true,"href":"https:\/\/excavacionsroda.com\/es\/wp-json\/wp\/v2\/comments?post=3838"}],"version-history":[{"count":8,"href":"https:\/\/excavacionsroda.com\/es\/wp-json\/wp\/v2\/pages\/3838\/revisions"}],"predecessor-version":[{"id":3861,"href":"https:\/\/excavacionsroda.com\/es\/wp-json\/wp\/v2\/pages\/3838\/revisions\/3861"}],"wp:attachment":[{"href":"https:\/\/excavacionsroda.com\/es\/wp-json\/wp\/v2\/media?parent=3838"}],"curies":[{"name":"wp","href":"https:\/\/api.w.org\/{rel}","templated":true}]}}